{"id":40,"date":"2021-10-04T13:19:22","date_gmt":"2021-10-04T13:19:22","guid":{"rendered":"https:\/\/wlvbest.de\/?page_id=40"},"modified":"2025-07-02T15:08:17","modified_gmt":"2025-07-02T15:08:17","slug":"aktuelle-bestenliste","status":"publish","type":"page","link":"https:\/\/wlvbest.de\/?page_id=40","title":{"rendered":"Aktuelle Bestenliste"},"content":{"rendered":"<h3>Die Bestenliste 2024 befindet sich im Archiv<\/h3>\n<p><a href=\"http:\/\/www.ruenzler.de\/wlvbest\/archiv2025\/0BM.htm\">M\u00e4nner\/M.Jgd<\/a><br \/>\n<a href=\"http:\/\/www.ruenzler.de\/wlvbest\/archiv2025\/0BF.htm\">Frauen\/W.Jgd<\/a><\/p>\n<p><a href=\"http:\/\/www.ruenzler.de\/wlvbest\/archiv2025\/0BSCH.htm\">Sch\u00fcler<\/a><br \/>\n<a href=\"http:\/\/www.ruenzler.de\/wlvbest\/archiv2025\/0BSCHI.htm\">Sch\u00fclerinnen<\/a><\/p>\n<p><a href=\"http:\/\/www.ruenzler.de\/wlvbest\/archiv2025\/0BSEN.htm\">Senioren<\/a><br \/>\n<a href=\"http:\/\/www.ruenzler.de\/wlvbest\/archiv2025\/0BSENI.htm\">Seniorinnen<\/a><\/p>\n<p><a href=\"http:\/\/www.ruenzler.de\/wlvbest\/archiv2025\/0HALLE.htm\">Hallenbestenliste<\/a><\/p>\n<h3><strong>Rekorde 2025<\/strong><\/h3>\n<p><a href=\"http:\/\/www.ruenzler.de\/wlvbest\/archiv2025\/0RM.htm\">M\u00e4nner\/M.Jgd<\/a><br \/>\n<a href=\"http:\/\/www.ruenzler.de\/wlvbest\/archiv2025\/0RF.htm\">Frauen\/W.Jgd<\/a><br \/>\n<a href=\"http:\/\/www.ruenzler.de\/wlvbest\/archiv2023\/0RSCH.htm\">Sch\u00fcler<\/a><br \/>\n<a href=\"http:\/\/www.ruenzler.de\/wlvbest\/archiv2023\/0RSCHI.htm\">Sch\u00fclerinnen<\/a><br \/>\n<a href=\"http:\/\/www.ruenzler.de\/wlvbest\/archiv2025\/0RSEN.htm\">Senioren<\/a><br \/>\n<a href=\"http:\/\/www.ruenzler.de\/wlvbest\/archiv2025\/0RSENI.htm\">Seniorinnen<\/a><br \/>\n<a href=\"http:\/\/www.ruenzler.de\/wlvbest\/archiv2025\/0RHALLE.htm\">Halle<\/a><\/p>\n<p>&nbsp;<\/p>\n","protected":false},"excerpt":{"rendered":"<p>Die Bestenliste 2024 befindet sich im Archiv M\u00e4nner\/M.Jgd Frauen\/W.Jgd Sch\u00fcler Sch\u00fclerinnen Senioren Seniorinnen Hallenbestenliste Rekorde 2025 M\u00e4nner\/M.Jgd Frauen\/W.Jgd Sch\u00fcler Sch\u00fclerinnen Senioren Seniorinnen Halle &nbsp;<\/p>\n","protected":false},"author":1,"featured_media":0,"parent":0,"menu_order":0,"comment_status":"closed","ping_status":"closed","template":"","meta":{"_crdt_document":"","footnotes":""},"class_list":["post-40","page","type-page","status-publish","hentry"],"yoast_head":"<!-- This site is optimized with the Yoast SEO plugin v27.3 - https:\/\/yoast.com\/product\/yoast-seo-wordpress\/ -->\n<title>Aktuelle Bestenliste - W&uuml;rttembergische Bestenliste<\/title>\n<meta name=\"robots\" content=\"index, follow, max-snippet:-1, max-image-preview:large, max-video-preview:-1\" \/>\n<link rel=\"canonical\" href=\"https:\/\/wlvbest.de\/?page_id=40\" \/>\n<meta property=\"og:locale\" content=\"de_DE\" \/>\n<meta property=\"og:type\" content=\"article\" \/>\n<meta property=\"og:title\" content=\"Aktuelle Bestenliste - W&uuml;rttembergische Bestenliste\" \/>\n<meta property=\"og:description\" content=\"Die Bestenliste 2024 befindet sich im Archiv M\u00e4nner\/M.Jgd Frauen\/W.Jgd Sch\u00fcler Sch\u00fclerinnen Senioren Seniorinnen Hallenbestenliste Rekorde 2025 M\u00e4nner\/M.Jgd Frauen\/W.Jgd Sch\u00fcler Sch\u00fclerinnen Senioren Seniorinnen Halle &nbsp;\" \/>\n<meta property=\"og:url\" content=\"https:\/\/wlvbest.de\/?page_id=40\" \/>\n<meta property=\"og:site_name\" content=\"W&uuml;rttembergische Bestenliste\" \/>\n<meta property=\"article:modified_time\" content=\"2025-07-02T15:08:17+00:00\" \/>\n<meta name=\"twitter:card\" content=\"summary_large_image\" \/>\n<meta name=\"twitter:label1\" content=\"Gesch\u00e4tzte Lesezeit\" \/>\n\t<meta name=\"twitter:data1\" content=\"1\u00a0Minute\" \/>\n<script type=\"application\/ld+json\" class=\"yoast-schema-graph\">{\"@context\":\"https:\\\/\\\/schema.org\",\"@graph\":[{\"@type\":\"WebPage\",\"@id\":\"https:\\\/\\\/wlvbest.de\\\/?page_id=40\",\"url\":\"https:\\\/\\\/wlvbest.de\\\/?page_id=40\",\"name\":\"Aktuelle Bestenliste - W&uuml;rttembergische Bestenliste\",\"isPartOf\":{\"@id\":\"https:\\\/\\\/wlvbest.de\\\/#website\"},\"datePublished\":\"2021-10-04T13:19:22+00:00\",\"dateModified\":\"2025-07-02T15:08:17+00:00\",\"breadcrumb\":{\"@id\":\"https:\\\/\\\/wlvbest.de\\\/?page_id=40#breadcrumb\"},\"inLanguage\":\"de\",\"potentialAction\":[{\"@type\":\"ReadAction\",\"target\":[\"https:\\\/\\\/wlvbest.de\\\/?page_id=40\"]}]},{\"@type\":\"BreadcrumbList\",\"@id\":\"https:\\\/\\\/wlvbest.de\\\/?page_id=40#breadcrumb\",\"itemListElement\":[{\"@type\":\"ListItem\",\"position\":1,\"name\":\"Startseite\",\"item\":\"https:\\\/\\\/wlvbest.de\\\/\"},{\"@type\":\"ListItem\",\"position\":2,\"name\":\"Aktuelle Bestenliste\"}]},{\"@type\":\"WebSite\",\"@id\":\"https:\\\/\\\/wlvbest.de\\\/#website\",\"url\":\"https:\\\/\\\/wlvbest.de\\\/\",\"name\":\"W&uuml;rttembergische Bestenliste\",\"description\":\"\",\"potentialAction\":[{\"@type\":\"SearchAction\",\"target\":{\"@type\":\"EntryPoint\",\"urlTemplate\":\"https:\\\/\\\/wlvbest.de\\\/?s={search_term_string}\"},\"query-input\":{\"@type\":\"PropertyValueSpecification\",\"valueRequired\":true,\"valueName\":\"search_term_string\"}}],\"inLanguage\":\"de\"}]}<\/script>\n<!-- \/ Yoast SEO plugin. -->","yoast_head_json":{"title":"Aktuelle Bestenliste - W&uuml;rttembergische Bestenliste","robots":{"index":"index","follow":"follow","max-snippet":"max-snippet:-1","max-image-preview":"max-image-preview:large","max-video-preview":"max-video-preview:-1"},"canonical":"https:\/\/wlvbest.de\/?page_id=40","og_locale":"de_DE","og_type":"article","og_title":"Aktuelle Bestenliste - W&uuml;rttembergische Bestenliste","og_description":"Die Bestenliste 2024 befindet sich im Archiv M\u00e4nner\/M.Jgd Frauen\/W.Jgd Sch\u00fcler Sch\u00fclerinnen Senioren Seniorinnen Hallenbestenliste Rekorde 2025 M\u00e4nner\/M.Jgd Frauen\/W.Jgd Sch\u00fcler Sch\u00fclerinnen Senioren Seniorinnen Halle &nbsp;","og_url":"https:\/\/wlvbest.de\/?page_id=40","og_site_name":"W&uuml;rttembergische Bestenliste","article_modified_time":"2025-07-02T15:08:17+00:00","twitter_card":"summary_large_image","twitter_misc":{"Gesch\u00e4tzte Lesezeit":"1\u00a0Minute"},"schema":{"@context":"https:\/\/schema.org","@graph":[{"@type":"WebPage","@id":"https:\/\/wlvbest.de\/?page_id=40","url":"https:\/\/wlvbest.de\/?page_id=40","name":"Aktuelle Bestenliste - W&uuml;rttembergische Bestenliste","isPartOf":{"@id":"https:\/\/wlvbest.de\/#website"},"datePublished":"2021-10-04T13:19:22+00:00","dateModified":"2025-07-02T15:08:17+00:00","breadcrumb":{"@id":"https:\/\/wlvbest.de\/?page_id=40#breadcrumb"},"inLanguage":"de","potentialAction":[{"@type":"ReadAction","target":["https:\/\/wlvbest.de\/?page_id=40"]}]},{"@type":"BreadcrumbList","@id":"https:\/\/wlvbest.de\/?page_id=40#breadcrumb","itemListElement":[{"@type":"ListItem","position":1,"name":"Startseite","item":"https:\/\/wlvbest.de\/"},{"@type":"ListItem","position":2,"name":"Aktuelle Bestenliste"}]},{"@type":"WebSite","@id":"https:\/\/wlvbest.de\/#website","url":"https:\/\/wlvbest.de\/","name":"W&uuml;rttembergische Bestenliste","description":"","potentialAction":[{"@type":"SearchAction","target":{"@type":"EntryPoint","urlTemplate":"https:\/\/wlvbest.de\/?s={search_term_string}"},"query-input":{"@type":"PropertyValueSpecification","valueRequired":true,"valueName":"search_term_string"}}],"inLanguage":"de"}]}},"_links":{"self":[{"href":"https:\/\/wlvbest.de\/index.php?rest_route=\/wp\/v2\/pages\/40","targetHints":{"allow":["GET"]}}],"collection":[{"href":"https:\/\/wlvbest.de\/index.php?rest_route=\/wp\/v2\/pages"}],"about":[{"href":"https:\/\/wlvbest.de\/index.php?rest_route=\/wp\/v2\/types\/page"}],"author":[{"embeddable":true,"href":"https:\/\/wlvbest.de\/index.php?rest_route=\/wp\/v2\/users\/1"}],"replies":[{"embeddable":true,"href":"https:\/\/wlvbest.de\/index.php?rest_route=%2Fwp%2Fv2%2Fcomments&post=40"}],"version-history":[{"count":41,"href":"https:\/\/wlvbest.de\/index.php?rest_route=\/wp\/v2\/pages\/40\/revisions"}],"predecessor-version":[{"id":505,"href":"https:\/\/wlvbest.de\/index.php?rest_route=\/wp\/v2\/pages\/40\/revisions\/505"}],"wp:attachment":[{"href":"https:\/\/wlvbest.de\/index.php?rest_route=%2Fwp%2Fv2%2Fmedia&parent=40"}],"curies":[{"name":"wp","href":"https:\/\/api.w.org\/{rel}","templated":true}]}}