{"id":276,"date":"2022-04-27T09:51:05","date_gmt":"2022-04-27T09:51:05","guid":{"rendered":"https:\/\/wlvbest.de\/?page_id=276"},"modified":"2022-04-27T15:29:52","modified_gmt":"2022-04-27T15:29:52","slug":"bestenliste-1980-1989","status":"publish","type":"page","link":"https:\/\/wlvbest.de\/?page_id=276","title":{"rendered":"Bestenliste 1980-1989"},"content":{"rendered":"<p><strong>Bestenliste 1989<\/strong><br \/>\n<a href=\"http:\/\/www.ruenzler.de\/wlvbest\/archiv1980\/WLV1989_maenner.pdf\">M\u00e4nner<\/a><br \/>\n<a href=\"http:\/\/www.ruenzler.de\/wlvbest\/archiv1980\/WLV1989_mj.pdf\">M\u00e4nnl. Jugend <\/a><br \/>\n<a href=\"http:\/\/www.ruenzler.de\/wlvbest\/archiv1980\/WLV1989_schue.pdf\">Sch\u00fcler<\/a><br \/>\n<a href=\"http:\/\/www.ruenzler.de\/wlvbest\/archiv1980\/WLV1989_frauen.pdf\">Frauen<\/a><br \/>\n<a href=\"http:\/\/www.ruenzler.de\/wlvbest\/archiv1980\/WLV1989_wj.pdf\">Weibl. Jugend<\/a><br \/>\n<a href=\"http:\/\/www.ruenzler.de\/wlvbest\/archiv1980\/WLV1989_schi.pdf\">Sch\u00fclerinnen<\/a><\/p>\n<p><strong>Bestenliste 1988<\/strong><br \/>\n<a href=\"http:\/\/www.ruenzler.de\/wlvbest\/archiv1980\/WLV1988_maenner.pdf\">M\u00e4nner<\/a><br \/>\n<a href=\"http:\/\/www.ruenzler.de\/wlvbest\/archiv1980\/WLV1988_mj.pdf\">M\u00e4nnl. Jugend <\/a><br \/>\n<a href=\"http:\/\/www.ruenzler.de\/wlvbest\/archiv1980\/WLV1988_schue.pdf\">Sch\u00fcler<\/a><br \/>\n<a href=\"http:\/\/www.ruenzler.de\/wlvbest\/archiv1980\/WLV1988_frauen.pdf\">Frauen<\/a><br \/>\n<a href=\"http:\/\/www.ruenzler.de\/wlvbest\/archiv1980\/WLV1988_wj.pdf\">Weibl. Jugend<\/a><br \/>\n<a href=\"http:\/\/www.ruenzler.de\/wlvbest\/archiv1980\/WLV1988_schi.pdf\">Sch\u00fclerinnen<\/a><\/p>\n<p><strong>Bestenliste 1987<\/strong><br \/>\n<a href=\"http:\/\/www.ruenzler.de\/wlvbest\/archiv1980\/WLV1987_maenner.pdf\">M\u00e4nner<\/a><br \/>\n<a href=\"http:\/\/www.ruenzler.de\/wlvbest\/archiv1980\/WLV1987_mj.pdf\">M\u00e4nnl. Jugend <\/a><br \/>\n<a href=\"http:\/\/www.ruenzler.de\/wlvbest\/archiv1980\/WLV1987_schue.pdf\">Sch\u00fcler<\/a><br \/>\n<a href=\"http:\/\/www.ruenzler.de\/wlvbest\/archiv1980\/WLV1987_frauen.pdf\">Frauen<\/a><br \/>\n<a href=\"http:\/\/www.ruenzler.de\/wlvbest\/archiv1980\/WLV1987_wj.pdf\">Weibl. Jugend<\/a><br \/>\n<a href=\"http:\/\/www.ruenzler.de\/wlvbest\/archiv1980\/WLV1987_schi.pdf\">Sch\u00fclerinnen<\/a><\/p>\n<p><strong>Bestenliste 1986<\/strong><br \/>\n<a href=\"http:\/\/www.ruenzler.de\/wlvbest\/archiv1980\/WLV1986_maenner.pdf\">M\u00e4nner<\/a><br \/>\n<a href=\"http:\/\/www.ruenzler.de\/wlvbest\/archiv1980\/WLV1986_mj.pdf\">M\u00e4nnl. Jugend <\/a><br \/>\n<a href=\"http:\/\/www.ruenzler.de\/wlvbest\/archiv1980\/WLV1986_schue.pdf\">Sch\u00fcler<\/a><br \/>\n<a href=\"http:\/\/www.ruenzler.de\/wlvbest\/archiv1980\/WLV1986_frauen.pdf\">Frauen<\/a><br \/>\n<a href=\"http:\/\/www.ruenzler.de\/wlvbest\/archiv1980\/WLV1986_wj.pdf\">Weibl. Jugend<\/a><br \/>\n<a href=\"http:\/\/www.ruenzler.de\/wlvbest\/archiv1980\/WLV1986_schi.pdf\">Sch\u00fclerinnen<\/a><\/p>\n<p><strong>Bestenliste 1985<\/strong><br \/>\n<a href=\"http:\/\/www.ruenzler.de\/wlvbest\/archiv1980\/WLV1985_maenner.pdf\">M\u00e4nner<\/a><br \/>\n<a href=\"http:\/\/www.ruenzler.de\/wlvbest\/archiv1980\/WLV1985_mj.pdf\">M\u00e4nnl. Jugend <\/a><br \/>\n<a href=\"http:\/\/www.ruenzler.de\/wlvbest\/archiv1980\/WLV1985_schue.pdf\">Sch\u00fcler<\/a><br \/>\n<a href=\"http:\/\/www.ruenzler.de\/wlvbest\/archiv1980\/WLV1985_frauen.pdf\">Frauen<\/a><br \/>\n<a href=\"http:\/\/www.ruenzler.de\/wlvbest\/archiv1980\/WLV1985_wj.pdf\">Weibl. Jugend<\/a><br \/>\n<a href=\"http:\/\/www.ruenzler.de\/wlvbest\/archiv1980\/WLV1985_schi.pdf\">Sch\u00fclerinnen<\/a><\/p>\n<p><strong>Bestenliste 1984<\/strong><br \/>\n<a href=\"http:\/\/www.ruenzler.de\/wlvbest\/archiv1980\/WLV1984_maenner.pdf\">M\u00e4nner<\/a><br \/>\n<a href=\"http:\/\/www.ruenzler.de\/wlvbest\/archiv1980\/WLV1984_mj.pdf\">M\u00e4nnl. Jugend <\/a><br \/>\n<a href=\"http:\/\/www.ruenzler.de\/wlvbest\/archiv1980\/WLV1984_schue.pdf\">Sch\u00fcler<\/a><br \/>\n<a href=\"http:\/\/www.ruenzler.de\/wlvbest\/archiv1980\/WLV1984_frauen.pdf\">Frauen<\/a><br \/>\n<a href=\"http:\/\/www.ruenzler.de\/wlvbest\/archiv1980\/WLV1984_wj.pdf\">Weibl. Jugend<\/a><br \/>\n<a href=\"http:\/\/www.ruenzler.de\/wlvbest\/archiv1980\/WLV1984_schi.pdf\">Sch\u00fclerinnen<\/a><\/p>\n<p><strong>Bestenliste 1983<\/strong><br \/>\n<a href=\"http:\/\/www.ruenzler.de\/wlvbest\/archiv1980\/WLV1983_maenner.pdf\">M\u00e4nner<\/a><br \/>\n<a href=\"http:\/\/www.ruenzler.de\/wlvbest\/archiv1980\/WLV1983_mj.pdf\">M\u00e4nnl. Jugend <\/a><br \/>\n<a href=\"http:\/\/www.ruenzler.de\/wlvbest\/archiv1980\/WLV1983_schue.pdf\">Sch\u00fcler<\/a><br \/>\n<a href=\"http:\/\/www.ruenzler.de\/wlvbest\/archiv1980\/WLV1983_frauen.pdf\">Frauen<\/a><br \/>\n<a href=\"http:\/\/www.ruenzler.de\/wlvbest\/archiv1980\/WLV1983_wj.pdf\">Weibl. Jugend<\/a><br \/>\n<a href=\"http:\/\/www.ruenzler.de\/wlvbest\/archiv1980\/WLV1983_schi.pdf\">Sch\u00fclerinnen<\/a><\/p>\n<p><strong>Bestenliste 1982<\/strong><br \/>\n<a href=\"http:\/\/www.ruenzler.de\/wlvbest\/archiv1980\/WLV1982_maenner.pdf\">M\u00e4nner<\/a><br \/>\n<a href=\"http:\/\/www.ruenzler.de\/wlvbest\/archiv1980\/WLV1982_mj.pdf\">M\u00e4nnl. Jugend <\/a><br \/>\n<a href=\"http:\/\/www.ruenzler.de\/wlvbest\/archiv1980\/WLV1982_schue.pdf\">Sch\u00fcler<\/a><br \/>\n<a href=\"http:\/\/www.ruenzler.de\/wlvbest\/archiv1980\/WLV1982_frauen.pdf\">Frauen<\/a><br \/>\n<a href=\"http:\/\/www.ruenzler.de\/wlvbest\/archiv1980\/WLV1982_wj.pdf\">Weibl. Jugend<\/a><br \/>\n<a href=\"http:\/\/www.ruenzler.de\/wlvbest\/archiv1980\/WLV1982_schi.pdf\">Sch\u00fclerinnen<\/a><\/p>\n<p><strong>Bestenliste 1981<\/strong><br \/>\n<a href=\"http:\/\/www.ruenzler.de\/wlvbest\/archiv1980\/WLV1981_maenner.pdf\">M\u00e4nner<\/a><br \/>\n<a href=\"http:\/\/www.ruenzler.de\/wlvbest\/archiv1980\/WLV1981_mj.pdf\">M\u00e4nnl. Jugend <\/a><br \/>\n<a href=\"http:\/\/www.ruenzler.de\/wlvbest\/archiv1980\/WLV1981_schue.pdf\">Sch\u00fcler<\/a><br \/>\n<a href=\"http:\/\/www.ruenzler.de\/wlvbest\/archiv1980\/WLV1981_frauen.pdf\">Frauen<\/a><br \/>\n<a href=\"http:\/\/www.ruenzler.de\/wlvbest\/archiv1980\/WLV1981_wj.pdf\">Weibl. Jugend<\/a><br \/>\n<a href=\"http:\/\/www.ruenzler.de\/wlvbest\/archiv1980\/WLV1981_schi.pdf\">Sch\u00fclerinnen<\/a><\/p>\n<p><strong>Bestenliste 1980<\/strong><br \/>\n<a href=\"http:\/\/www.ruenzler.de\/wlvbest\/archiv1980\/WLV1980_maenner.pdf\">M\u00e4nner<\/a><br \/>\n<a href=\"http:\/\/www.ruenzler.de\/wlvbest\/archiv1980\/WLV1980_mj.pdf\">M\u00e4nnl. Jugend <\/a><br \/>\n<a href=\"http:\/\/www.ruenzler.de\/wlvbest\/archiv1980\/WLV1980_schue.pdf\">Sch\u00fcler<\/a><br \/>\n<a href=\"http:\/\/www.ruenzler.de\/wlvbest\/archiv1980\/WLV1980_frauen.pdf\">Frauen<\/a><br \/>\n<a href=\"http:\/\/www.ruenzler.de\/wlvbest\/archiv1980\/WLV1980_wj.pdf\">Weibl. Jugend<\/a><br \/>\n<a href=\"http:\/\/www.ruenzler.de\/wlvbest\/archiv1980\/WLV1980_schi.pdf\">Sch\u00fclerinnen<\/a><\/p>\n<p>&nbsp;<\/p>\n<p>&nbsp;<\/p>\n","protected":false},"excerpt":{"rendered":"<p>Bestenliste 1989 M\u00e4nner M\u00e4nnl. Jugend Sch\u00fcler Frauen Weibl. Jugend Sch\u00fclerinnen Bestenliste 1988 M\u00e4nner M\u00e4nnl. Jugend Sch\u00fcler Frauen Weibl. Jugend Sch\u00fclerinnen Bestenliste 1987 M\u00e4nner M\u00e4nnl. Jugend Sch\u00fcler Frauen Weibl. Jugend Sch\u00fclerinnen Bestenliste 1986 M\u00e4nner M\u00e4nnl. Jugend Sch\u00fcler Frauen Weibl. Jugend Sch\u00fclerinnen Bestenliste 1985 M\u00e4nner M\u00e4nnl. Jugend Sch\u00fcler Frauen Weibl. Jugend Sch\u00fclerinnen Bestenliste 1984 M\u00e4nner M\u00e4nnl. Jugend Sch\u00fcler Frauen Weibl. Jugend Sch\u00fclerinnen Bestenliste 1983 M\u00e4nner M\u00e4nnl. Jugend Sch\u00fcler Frauen Weibl. Jugend Sch\u00fclerinnen Bestenliste 1982 M\u00e4nner M\u00e4nnl. Jugend Sch\u00fcler Frauen Weibl. Jugend Sch\u00fclerinnen Bestenliste 1981 M\u00e4nner M\u00e4nnl. Jugend Sch\u00fcler Frauen Weibl. Jugend Sch\u00fclerinnen Bestenliste 1980 M\u00e4nner M\u00e4nnl. Jugend Sch\u00fcler Frauen Weibl. Jugend Sch\u00fclerinnen &nbsp; &nbsp;<\/p>\n","protected":false},"author":1,"featured_media":0,"parent":0,"menu_order":0,"comment_status":"closed","ping_status":"closed","template":"","meta":{"_crdt_document":"","footnotes":""},"class_list":["post-276","page","type-page","status-publish","hentry"],"yoast_head":"<!-- This site is optimized with the Yoast SEO plugin v27.5 - https:\/\/yoast.com\/product\/yoast-seo-wordpress\/ -->\n<title>Bestenliste 1980-1989 - W&uuml;rttembergische Bestenliste<\/title>\n<meta name=\"robots\" content=\"index, follow, max-snippet:-1, max-image-preview:large, max-video-preview:-1\" \/>\n<link rel=\"canonical\" href=\"https:\/\/wlvbest.de\/?page_id=276\" \/>\n<meta property=\"og:locale\" content=\"de_DE\" \/>\n<meta property=\"og:type\" content=\"article\" \/>\n<meta property=\"og:title\" content=\"Bestenliste 1980-1989 - W&uuml;rttembergische Bestenliste\" \/>\n<meta property=\"og:description\" content=\"Bestenliste 1989 M\u00e4nner M\u00e4nnl. Jugend Sch\u00fcler Frauen Weibl. Jugend Sch\u00fclerinnen Bestenliste 1988 M\u00e4nner M\u00e4nnl. Jugend Sch\u00fcler Frauen Weibl. Jugend Sch\u00fclerinnen Bestenliste 1987 M\u00e4nner M\u00e4nnl. Jugend Sch\u00fcler Frauen Weibl. Jugend Sch\u00fclerinnen Bestenliste 1986 M\u00e4nner M\u00e4nnl. Jugend Sch\u00fcler Frauen Weibl. Jugend Sch\u00fclerinnen Bestenliste 1985 M\u00e4nner M\u00e4nnl. Jugend Sch\u00fcler Frauen Weibl. Jugend Sch\u00fclerinnen Bestenliste 1984 M\u00e4nner M\u00e4nnl. Jugend Sch\u00fcler Frauen Weibl. Jugend Sch\u00fclerinnen Bestenliste 1983 M\u00e4nner M\u00e4nnl. Jugend Sch\u00fcler Frauen Weibl. Jugend Sch\u00fclerinnen Bestenliste 1982 M\u00e4nner M\u00e4nnl. Jugend Sch\u00fcler Frauen Weibl. Jugend Sch\u00fclerinnen Bestenliste 1981 M\u00e4nner M\u00e4nnl. Jugend Sch\u00fcler Frauen Weibl. Jugend Sch\u00fclerinnen Bestenliste 1980 M\u00e4nner M\u00e4nnl. Jugend Sch\u00fcler Frauen Weibl. Jugend Sch\u00fclerinnen &nbsp; &nbsp;\" \/>\n<meta property=\"og:url\" content=\"https:\/\/wlvbest.de\/?page_id=276\" \/>\n<meta property=\"og:site_name\" content=\"W&uuml;rttembergische Bestenliste\" \/>\n<meta property=\"article:modified_time\" content=\"2022-04-27T15:29:52+00:00\" \/>\n<meta name=\"twitter:card\" content=\"summary_large_image\" \/>\n<meta name=\"twitter:label1\" content=\"Gesch\u00e4tzte Lesezeit\" \/>\n\t<meta name=\"twitter:data1\" content=\"1\u00a0Minute\" \/>\n<script type=\"application\/ld+json\" class=\"yoast-schema-graph\">{\"@context\":\"https:\\\/\\\/schema.org\",\"@graph\":[{\"@type\":\"WebPage\",\"@id\":\"https:\\\/\\\/wlvbest.de\\\/?page_id=276\",\"url\":\"https:\\\/\\\/wlvbest.de\\\/?page_id=276\",\"name\":\"Bestenliste 1980-1989 - W&uuml;rttembergische Bestenliste\",\"isPartOf\":{\"@id\":\"https:\\\/\\\/wlvbest.de\\\/#website\"},\"datePublished\":\"2022-04-27T09:51:05+00:00\",\"dateModified\":\"2022-04-27T15:29:52+00:00\",\"breadcrumb\":{\"@id\":\"https:\\\/\\\/wlvbest.de\\\/?page_id=276#breadcrumb\"},\"inLanguage\":\"de\",\"potentialAction\":[{\"@type\":\"ReadAction\",\"target\":[\"https:\\\/\\\/wlvbest.de\\\/?page_id=276\"]}]},{\"@type\":\"BreadcrumbList\",\"@id\":\"https:\\\/\\\/wlvbest.de\\\/?page_id=276#breadcrumb\",\"itemListElement\":[{\"@type\":\"ListItem\",\"position\":1,\"name\":\"Startseite\",\"item\":\"https:\\\/\\\/wlvbest.de\\\/\"},{\"@type\":\"ListItem\",\"position\":2,\"name\":\"Bestenliste 1980-1989\"}]},{\"@type\":\"WebSite\",\"@id\":\"https:\\\/\\\/wlvbest.de\\\/#website\",\"url\":\"https:\\\/\\\/wlvbest.de\\\/\",\"name\":\"W&uuml;rttembergische Bestenliste\",\"description\":\"\",\"potentialAction\":[{\"@type\":\"SearchAction\",\"target\":{\"@type\":\"EntryPoint\",\"urlTemplate\":\"https:\\\/\\\/wlvbest.de\\\/?s={search_term_string}\"},\"query-input\":{\"@type\":\"PropertyValueSpecification\",\"valueRequired\":true,\"valueName\":\"search_term_string\"}}],\"inLanguage\":\"de\"}]}<\/script>\n<!-- \/ Yoast SEO plugin. -->","yoast_head_json":{"title":"Bestenliste 1980-1989 - W&uuml;rttembergische Bestenliste","robots":{"index":"index","follow":"follow","max-snippet":"max-snippet:-1","max-image-preview":"max-image-preview:large","max-video-preview":"max-video-preview:-1"},"canonical":"https:\/\/wlvbest.de\/?page_id=276","og_locale":"de_DE","og_type":"article","og_title":"Bestenliste 1980-1989 - W&uuml;rttembergische Bestenliste","og_description":"Bestenliste 1989 M\u00e4nner M\u00e4nnl. Jugend Sch\u00fcler Frauen Weibl. Jugend Sch\u00fclerinnen Bestenliste 1988 M\u00e4nner M\u00e4nnl. Jugend Sch\u00fcler Frauen Weibl. Jugend Sch\u00fclerinnen Bestenliste 1987 M\u00e4nner M\u00e4nnl. Jugend Sch\u00fcler Frauen Weibl. Jugend Sch\u00fclerinnen Bestenliste 1986 M\u00e4nner M\u00e4nnl. Jugend Sch\u00fcler Frauen Weibl. Jugend Sch\u00fclerinnen Bestenliste 1985 M\u00e4nner M\u00e4nnl. Jugend Sch\u00fcler Frauen Weibl. Jugend Sch\u00fclerinnen Bestenliste 1984 M\u00e4nner M\u00e4nnl. Jugend Sch\u00fcler Frauen Weibl. Jugend Sch\u00fclerinnen Bestenliste 1983 M\u00e4nner M\u00e4nnl. Jugend Sch\u00fcler Frauen Weibl. Jugend Sch\u00fclerinnen Bestenliste 1982 M\u00e4nner M\u00e4nnl. Jugend Sch\u00fcler Frauen Weibl. Jugend Sch\u00fclerinnen Bestenliste 1981 M\u00e4nner M\u00e4nnl. Jugend Sch\u00fcler Frauen Weibl. Jugend Sch\u00fclerinnen Bestenliste 1980 M\u00e4nner M\u00e4nnl. Jugend Sch\u00fcler Frauen Weibl. Jugend Sch\u00fclerinnen &nbsp; &nbsp;","og_url":"https:\/\/wlvbest.de\/?page_id=276","og_site_name":"W&uuml;rttembergische Bestenliste","article_modified_time":"2022-04-27T15:29:52+00:00","twitter_card":"summary_large_image","twitter_misc":{"Gesch\u00e4tzte Lesezeit":"1\u00a0Minute"},"schema":{"@context":"https:\/\/schema.org","@graph":[{"@type":"WebPage","@id":"https:\/\/wlvbest.de\/?page_id=276","url":"https:\/\/wlvbest.de\/?page_id=276","name":"Bestenliste 1980-1989 - W&uuml;rttembergische Bestenliste","isPartOf":{"@id":"https:\/\/wlvbest.de\/#website"},"datePublished":"2022-04-27T09:51:05+00:00","dateModified":"2022-04-27T15:29:52+00:00","breadcrumb":{"@id":"https:\/\/wlvbest.de\/?page_id=276#breadcrumb"},"inLanguage":"de","potentialAction":[{"@type":"ReadAction","target":["https:\/\/wlvbest.de\/?page_id=276"]}]},{"@type":"BreadcrumbList","@id":"https:\/\/wlvbest.de\/?page_id=276#breadcrumb","itemListElement":[{"@type":"ListItem","position":1,"name":"Startseite","item":"https:\/\/wlvbest.de\/"},{"@type":"ListItem","position":2,"name":"Bestenliste 1980-1989"}]},{"@type":"WebSite","@id":"https:\/\/wlvbest.de\/#website","url":"https:\/\/wlvbest.de\/","name":"W&uuml;rttembergische Bestenliste","description":"","potentialAction":[{"@type":"SearchAction","target":{"@type":"EntryPoint","urlTemplate":"https:\/\/wlvbest.de\/?s={search_term_string}"},"query-input":{"@type":"PropertyValueSpecification","valueRequired":true,"valueName":"search_term_string"}}],"inLanguage":"de"}]}},"_links":{"self":[{"href":"https:\/\/wlvbest.de\/index.php?rest_route=\/wp\/v2\/pages\/276","targetHints":{"allow":["GET"]}}],"collection":[{"href":"https:\/\/wlvbest.de\/index.php?rest_route=\/wp\/v2\/pages"}],"about":[{"href":"https:\/\/wlvbest.de\/index.php?rest_route=\/wp\/v2\/types\/page"}],"author":[{"embeddable":true,"href":"https:\/\/wlvbest.de\/index.php?rest_route=\/wp\/v2\/users\/1"}],"replies":[{"embeddable":true,"href":"https:\/\/wlvbest.de\/index.php?rest_route=%2Fwp%2Fv2%2Fcomments&post=276"}],"version-history":[{"count":5,"href":"https:\/\/wlvbest.de\/index.php?rest_route=\/wp\/v2\/pages\/276\/revisions"}],"predecessor-version":[{"id":284,"href":"https:\/\/wlvbest.de\/index.php?rest_route=\/wp\/v2\/pages\/276\/revisions\/284"}],"wp:attachment":[{"href":"https:\/\/wlvbest.de\/index.php?rest_route=%2Fwp%2Fv2%2Fmedia&parent=276"}],"curies":[{"name":"wp","href":"https:\/\/api.w.org\/{rel}","templated":true}]}}