{"id":245,"date":"2022-04-21T06:39:01","date_gmt":"2022-04-21T06:39:01","guid":{"rendered":"https:\/\/wlvbest.de\/?page_id=245"},"modified":"2024-07-08T15:19:02","modified_gmt":"2024-07-08T15:19:02","slug":"1991-2","status":"publish","type":"page","link":"https:\/\/wlvbest.de\/?page_id=245","title":{"rendered":"1991"},"content":{"rendered":"<h3><strong>Bestenliste 1991<\/strong><\/h3>\n<p><a href=\"http:\/\/www.ruenzler.de\/wlvbest\/archiv1990\/WLV1991_maenner.pdf\">M\u00e4nner<\/a><br \/>\n<a href=\"http:\/\/www.ruenzler.de\/wlvbest\/archiv1990\/WLV1991_mj.pdf\">M\u00e4nnl. Jugend<\/a><br \/>\n<a href=\"http:\/\/www.ruenzler.de\/wlvbest\/archiv1990\/WLV1991_schue.pdf\">Sch\u00fcler<\/a><br \/>\n<a href=\"http:\/\/www.ruenzler.de\/wlvbest\/archiv1990\/WLV1991_frauen.pdf\">Frauen<\/a><br \/>\n<a href=\"http:\/\/www.ruenzler.de\/wlvbest\/archiv1990\/WLV1991_wj.pdf\">Weibl. Jugend<\/a><br \/>\n<a href=\"http:\/\/www.ruenzler.de\/wlvbest\/archiv1990\/WLV1991_schi.pdf\">Sch\u00fclerinnen<\/a><\/p>\n<p><a href=\"http:\/\/www.ruenzler.de\/wlvbest\/archiv1990\/WLV1991_halle.pdf\">Hallenbestenliste<\/a><\/p>\n<h3><strong>Rekorde 1991<\/strong><\/h3>\n<p><a href=\"http:\/\/www.ruenzler.de\/wlvbest\/archiv1990\/WLV1991_rekmaenner.pdf\">M\u00e4nner<\/a><br \/>\n<a href=\"http:\/\/www.ruenzler.de\/wlvbest\/archiv1990\/WLV1991_rekmj.pdf\">M\u00e4nnl. Jugend<\/a><br \/>\n<a href=\"http:\/\/www.ruenzler.de\/wlvbest\/archiv1990\/WLV1991_rekfrauen.pdf\">Frauen<\/a><br \/>\n<a href=\"http:\/\/www.ruenzler.de\/wlvbest\/archiv1990\/WLV1991_rekwj.pdf\">Weibl. Jugend<\/a><br \/>\n<a href=\"http:\/\/www.ruenzler.de\/wlvbest\/archiv1990\/WLV1991_rekschue.pdf\">Sch\u00fcler<\/a><br \/>\n<a href=\"http:\/\/www.ruenzler.de\/wlvbest\/archiv1990\/WLV1991_rekschi.pdf\">Sch\u00fclerinnen<\/a><br \/>\n<a href=\"http:\/\/www.ruenzler.de\/wlvbest\/archiv1990\/WLV1991_reksen.pdf\">Senioren<\/a><br \/>\n<a href=\"http:\/\/www.ruenzler.de\/wlvbest\/archiv1990\/WLV1991_rekseni.pdf\">Seniorinnen<\/a><br \/>\n<a href=\"http:\/\/www.ruenzler.de\/wlvbest\/archiv1990\/WLV1991_rekhalle.pdf\">Halle<\/a><\/p>\n","protected":false},"excerpt":{"rendered":"<p>Bestenliste 1991 M\u00e4nner M\u00e4nnl. Jugend Sch\u00fcler Frauen Weibl. Jugend Sch\u00fclerinnen Hallenbestenliste Rekorde 1991 M\u00e4nner M\u00e4nnl. Jugend Frauen Weibl. Jugend Sch\u00fcler Sch\u00fclerinnen Senioren Seniorinnen Halle<\/p>\n","protected":false},"author":1,"featured_media":0,"parent":0,"menu_order":0,"comment_status":"closed","ping_status":"closed","template":"","meta":{"_crdt_document":"","footnotes":""},"class_list":["post-245","page","type-page","status-publish","hentry"],"yoast_head":"<!-- This site is optimized with the Yoast SEO plugin v27.4 - https:\/\/yoast.com\/product\/yoast-seo-wordpress\/ -->\n<title>1991 - W&uuml;rttembergische Bestenliste<\/title>\n<meta name=\"robots\" content=\"index, follow, max-snippet:-1, max-image-preview:large, max-video-preview:-1\" \/>\n<link rel=\"canonical\" href=\"https:\/\/wlvbest.de\/?page_id=245\" \/>\n<meta property=\"og:locale\" content=\"de_DE\" \/>\n<meta property=\"og:type\" content=\"article\" \/>\n<meta property=\"og:title\" content=\"1991 - W&uuml;rttembergische Bestenliste\" \/>\n<meta property=\"og:description\" content=\"Bestenliste 1991 M\u00e4nner M\u00e4nnl. Jugend Sch\u00fcler Frauen Weibl. Jugend Sch\u00fclerinnen Hallenbestenliste Rekorde 1991 M\u00e4nner M\u00e4nnl. Jugend Frauen Weibl. Jugend Sch\u00fcler Sch\u00fclerinnen Senioren Seniorinnen Halle\" \/>\n<meta property=\"og:url\" content=\"https:\/\/wlvbest.de\/?page_id=245\" \/>\n<meta property=\"og:site_name\" content=\"W&uuml;rttembergische Bestenliste\" \/>\n<meta property=\"article:modified_time\" content=\"2024-07-08T15:19:02+00:00\" \/>\n<meta name=\"twitter:card\" content=\"summary_large_image\" \/>\n<meta name=\"twitter:label1\" content=\"Gesch\u00e4tzte Lesezeit\" \/>\n\t<meta name=\"twitter:data1\" content=\"1\u00a0Minute\" \/>\n<script type=\"application\/ld+json\" class=\"yoast-schema-graph\">{\"@context\":\"https:\\\/\\\/schema.org\",\"@graph\":[{\"@type\":\"WebPage\",\"@id\":\"https:\\\/\\\/wlvbest.de\\\/?page_id=245\",\"url\":\"https:\\\/\\\/wlvbest.de\\\/?page_id=245\",\"name\":\"1991 - W&uuml;rttembergische Bestenliste\",\"isPartOf\":{\"@id\":\"https:\\\/\\\/wlvbest.de\\\/#website\"},\"datePublished\":\"2022-04-21T06:39:01+00:00\",\"dateModified\":\"2024-07-08T15:19:02+00:00\",\"breadcrumb\":{\"@id\":\"https:\\\/\\\/wlvbest.de\\\/?page_id=245#breadcrumb\"},\"inLanguage\":\"de\",\"potentialAction\":[{\"@type\":\"ReadAction\",\"target\":[\"https:\\\/\\\/wlvbest.de\\\/?page_id=245\"]}]},{\"@type\":\"BreadcrumbList\",\"@id\":\"https:\\\/\\\/wlvbest.de\\\/?page_id=245#breadcrumb\",\"itemListElement\":[{\"@type\":\"ListItem\",\"position\":1,\"name\":\"Startseite\",\"item\":\"https:\\\/\\\/wlvbest.de\\\/\"},{\"@type\":\"ListItem\",\"position\":2,\"name\":\"1991\"}]},{\"@type\":\"WebSite\",\"@id\":\"https:\\\/\\\/wlvbest.de\\\/#website\",\"url\":\"https:\\\/\\\/wlvbest.de\\\/\",\"name\":\"W&uuml;rttembergische Bestenliste\",\"description\":\"\",\"potentialAction\":[{\"@type\":\"SearchAction\",\"target\":{\"@type\":\"EntryPoint\",\"urlTemplate\":\"https:\\\/\\\/wlvbest.de\\\/?s={search_term_string}\"},\"query-input\":{\"@type\":\"PropertyValueSpecification\",\"valueRequired\":true,\"valueName\":\"search_term_string\"}}],\"inLanguage\":\"de\"}]}<\/script>\n<!-- \/ Yoast SEO plugin. -->","yoast_head_json":{"title":"1991 - W&uuml;rttembergische Bestenliste","robots":{"index":"index","follow":"follow","max-snippet":"max-snippet:-1","max-image-preview":"max-image-preview:large","max-video-preview":"max-video-preview:-1"},"canonical":"https:\/\/wlvbest.de\/?page_id=245","og_locale":"de_DE","og_type":"article","og_title":"1991 - W&uuml;rttembergische Bestenliste","og_description":"Bestenliste 1991 M\u00e4nner M\u00e4nnl. Jugend Sch\u00fcler Frauen Weibl. Jugend Sch\u00fclerinnen Hallenbestenliste Rekorde 1991 M\u00e4nner M\u00e4nnl. Jugend Frauen Weibl. Jugend Sch\u00fcler Sch\u00fclerinnen Senioren Seniorinnen Halle","og_url":"https:\/\/wlvbest.de\/?page_id=245","og_site_name":"W&uuml;rttembergische Bestenliste","article_modified_time":"2024-07-08T15:19:02+00:00","twitter_card":"summary_large_image","twitter_misc":{"Gesch\u00e4tzte Lesezeit":"1\u00a0Minute"},"schema":{"@context":"https:\/\/schema.org","@graph":[{"@type":"WebPage","@id":"https:\/\/wlvbest.de\/?page_id=245","url":"https:\/\/wlvbest.de\/?page_id=245","name":"1991 - W&uuml;rttembergische Bestenliste","isPartOf":{"@id":"https:\/\/wlvbest.de\/#website"},"datePublished":"2022-04-21T06:39:01+00:00","dateModified":"2024-07-08T15:19:02+00:00","breadcrumb":{"@id":"https:\/\/wlvbest.de\/?page_id=245#breadcrumb"},"inLanguage":"de","potentialAction":[{"@type":"ReadAction","target":["https:\/\/wlvbest.de\/?page_id=245"]}]},{"@type":"BreadcrumbList","@id":"https:\/\/wlvbest.de\/?page_id=245#breadcrumb","itemListElement":[{"@type":"ListItem","position":1,"name":"Startseite","item":"https:\/\/wlvbest.de\/"},{"@type":"ListItem","position":2,"name":"1991"}]},{"@type":"WebSite","@id":"https:\/\/wlvbest.de\/#website","url":"https:\/\/wlvbest.de\/","name":"W&uuml;rttembergische Bestenliste","description":"","potentialAction":[{"@type":"SearchAction","target":{"@type":"EntryPoint","urlTemplate":"https:\/\/wlvbest.de\/?s={search_term_string}"},"query-input":{"@type":"PropertyValueSpecification","valueRequired":true,"valueName":"search_term_string"}}],"inLanguage":"de"}]}},"_links":{"self":[{"href":"https:\/\/wlvbest.de\/index.php?rest_route=\/wp\/v2\/pages\/245","targetHints":{"allow":["GET"]}}],"collection":[{"href":"https:\/\/wlvbest.de\/index.php?rest_route=\/wp\/v2\/pages"}],"about":[{"href":"https:\/\/wlvbest.de\/index.php?rest_route=\/wp\/v2\/types\/page"}],"author":[{"embeddable":true,"href":"https:\/\/wlvbest.de\/index.php?rest_route=\/wp\/v2\/users\/1"}],"replies":[{"embeddable":true,"href":"https:\/\/wlvbest.de\/index.php?rest_route=%2Fwp%2Fv2%2Fcomments&post=245"}],"version-history":[{"count":5,"href":"https:\/\/wlvbest.de\/index.php?rest_route=\/wp\/v2\/pages\/245\/revisions"}],"predecessor-version":[{"id":440,"href":"https:\/\/wlvbest.de\/index.php?rest_route=\/wp\/v2\/pages\/245\/revisions\/440"}],"wp:attachment":[{"href":"https:\/\/wlvbest.de\/index.php?rest_route=%2Fwp%2Fv2%2Fmedia&parent=245"}],"curies":[{"name":"wp","href":"https:\/\/api.w.org\/{rel}","templated":true}]}}