{"id":190,"date":"2022-04-11T14:06:09","date_gmt":"2022-04-11T14:06:09","guid":{"rendered":"https:\/\/wlvbest.de\/?page_id=190"},"modified":"2026-01-20T16:05:48","modified_gmt":"2026-01-20T16:05:48","slug":"2002-2","status":"publish","type":"page","link":"https:\/\/wlvbest.de\/?page_id=190","title":{"rendered":"2002"},"content":{"rendered":"<h3><strong>Bestenliste 2002<\/strong><\/h3>\n<p><a href=\"http:\/\/www.ruenzler.de\/wlvbest\/archiv2002\/0BM.HTM\">M\u00e4nner<\/a><br \/>\n<a href=\"http:\/\/www.ruenzler.de\/wlvbest\/archiv2002\/0BF.HTM\">Frauen<\/a><br \/>\n<a href=\"http:\/\/www.ruenzler.de\/wlvbest\/archiv2002\/0BMJ.HTM\">M\u00e4nnliche Jugend<\/a><br \/>\n<a href=\"http:\/\/www.ruenzler.de\/wlvbest\/archiv2002\/0BWJ.HTM\">Weibliche Jugend<\/a><br \/>\n<a href=\"http:\/\/www.ruenzler.de\/wlvbest\/archiv2002\/0BSCHI.HTM\">Sch\u00fclerinnen<\/a><br \/>\n<a href=\"http:\/\/www.ruenzler.de\/wlvbest\/archiv2002\/0BSCH.HTM\">Sch\u00fcler<\/a><br \/>\n<a href=\"http:\/\/www.ruenzler.de\/wlvbest\/archiv2002\/0BSEN.HTM\">Senioren<\/a><br \/>\n<a href=\"http:\/\/www.ruenzler.de\/wlvbest\/archiv2002\/0BSENI.HTM\">Seniorinnen<\/a><br \/>\n<a href=\"http:\/\/www.ruenzler.de\/wlvbest\/archiv2002\/0HM.HTM\">Hallenbestenliste M\u00e4nner<\/a><br \/>\n<a href=\"http:\/\/www.ruenzler.de\/wlvbest\/archiv2002\/0HF.HTM\">Hallenbestenliste Frauen\u00a0<\/a><\/p>\n<h3><strong>Rekorde 2002<\/strong><\/h3>\n<p><a href=\"http:\/\/www.ruenzler.de\/wlvbest\/archiv2002\/0RM.HTM\">M\u00e4nner<\/a><br \/>\n<a href=\"http:\/\/www.ruenzler.de\/wlvbest\/archiv2002\/0RF.HTM\">Frauen<\/a><br \/>\n<a href=\"http:\/\/www.ruenzler.de\/wlvbest\/archiv2002\/0RMJ.HTM\">M\u00e4nnliche Jugend<\/a><br \/>\n<a href=\"http:\/\/www.ruenzler.de\/wlvbest\/archiv2002\/0RWJ.HTM\">Weibliche Jugend<\/a><br \/>\n<a href=\"http:\/\/www.ruenzler.de\/wlvbest\/archiv2002\/0RSCH.HTM\">Sch\u00fcler<\/a><br \/>\n<a href=\"http:\/\/www.ruenzler.de\/wlvbest\/archiv2002\/0RSCHI.HTM\">Sch\u00fclerinnen<\/a><br \/>\n<a href=\"http:\/\/www.ruenzler.de\/wlvbest\/archiv2002\/0RSEN.HTM\">Senioren<\/a><br \/>\n<a href=\"http:\/\/www.ruenzler.de\/wlvbest\/archiv2002\/0RSENI.HTM\">Seniorinnen<\/a><br \/>\n<a href=\"http:\/\/www.ruenzler.de\/wlvbest\/archiv2002\/0HRM.HTM\">Halle M\u00e4nner<\/a><br \/>\n<a href=\"http:\/\/www.ruenzler.de\/wlvbest\/archiv2002\/0HRF.HTM\">Halle Frauen\u00a0<\/a><\/p>\n","protected":false},"excerpt":{"rendered":"<p>Bestenliste 2002 M\u00e4nner Frauen M\u00e4nnliche Jugend Weibliche Jugend Sch\u00fclerinnen Sch\u00fcler Senioren Seniorinnen Hallenbestenliste M\u00e4nner Hallenbestenliste Frauen\u00a0 Rekorde 2002 M\u00e4nner Frauen M\u00e4nnliche Jugend Weibliche Jugend Sch\u00fcler Sch\u00fclerinnen Senioren Seniorinnen Halle M\u00e4nner Halle Frauen\u00a0<\/p>\n","protected":false},"author":1,"featured_media":0,"parent":0,"menu_order":0,"comment_status":"closed","ping_status":"closed","template":"","meta":{"_crdt_document":"","footnotes":""},"class_list":["post-190","page","type-page","status-publish","hentry"],"yoast_head":"<!-- This site is optimized with the Yoast SEO plugin v27.4 - https:\/\/yoast.com\/product\/yoast-seo-wordpress\/ -->\n<title>2002 - W&uuml;rttembergische Bestenliste<\/title>\n<meta name=\"robots\" content=\"index, follow, max-snippet:-1, max-image-preview:large, max-video-preview:-1\" \/>\n<link rel=\"canonical\" href=\"https:\/\/wlvbest.de\/?page_id=190\" \/>\n<meta property=\"og:locale\" content=\"de_DE\" \/>\n<meta property=\"og:type\" content=\"article\" \/>\n<meta property=\"og:title\" content=\"2002 - W&uuml;rttembergische Bestenliste\" \/>\n<meta property=\"og:description\" content=\"Bestenliste 2002 M\u00e4nner Frauen M\u00e4nnliche Jugend Weibliche Jugend Sch\u00fclerinnen Sch\u00fcler Senioren Seniorinnen Hallenbestenliste M\u00e4nner Hallenbestenliste Frauen\u00a0 Rekorde 2002 M\u00e4nner Frauen M\u00e4nnliche Jugend Weibliche Jugend Sch\u00fcler Sch\u00fclerinnen Senioren Seniorinnen Halle M\u00e4nner Halle Frauen\u00a0\" \/>\n<meta property=\"og:url\" content=\"https:\/\/wlvbest.de\/?page_id=190\" \/>\n<meta property=\"og:site_name\" content=\"W&uuml;rttembergische Bestenliste\" \/>\n<meta property=\"article:modified_time\" content=\"2026-01-20T16:05:48+00:00\" \/>\n<meta name=\"twitter:card\" content=\"summary_large_image\" \/>\n<meta name=\"twitter:label1\" content=\"Gesch\u00e4tzte Lesezeit\" \/>\n\t<meta name=\"twitter:data1\" content=\"1\u00a0Minute\" \/>\n<script type=\"application\/ld+json\" class=\"yoast-schema-graph\">{\"@context\":\"https:\\\/\\\/schema.org\",\"@graph\":[{\"@type\":\"WebPage\",\"@id\":\"https:\\\/\\\/wlvbest.de\\\/?page_id=190\",\"url\":\"https:\\\/\\\/wlvbest.de\\\/?page_id=190\",\"name\":\"2002 - W&uuml;rttembergische Bestenliste\",\"isPartOf\":{\"@id\":\"https:\\\/\\\/wlvbest.de\\\/#website\"},\"datePublished\":\"2022-04-11T14:06:09+00:00\",\"dateModified\":\"2026-01-20T16:05:48+00:00\",\"breadcrumb\":{\"@id\":\"https:\\\/\\\/wlvbest.de\\\/?page_id=190#breadcrumb\"},\"inLanguage\":\"de\",\"potentialAction\":[{\"@type\":\"ReadAction\",\"target\":[\"https:\\\/\\\/wlvbest.de\\\/?page_id=190\"]}]},{\"@type\":\"BreadcrumbList\",\"@id\":\"https:\\\/\\\/wlvbest.de\\\/?page_id=190#breadcrumb\",\"itemListElement\":[{\"@type\":\"ListItem\",\"position\":1,\"name\":\"Startseite\",\"item\":\"https:\\\/\\\/wlvbest.de\\\/\"},{\"@type\":\"ListItem\",\"position\":2,\"name\":\"2002\"}]},{\"@type\":\"WebSite\",\"@id\":\"https:\\\/\\\/wlvbest.de\\\/#website\",\"url\":\"https:\\\/\\\/wlvbest.de\\\/\",\"name\":\"W&uuml;rttembergische Bestenliste\",\"description\":\"\",\"potentialAction\":[{\"@type\":\"SearchAction\",\"target\":{\"@type\":\"EntryPoint\",\"urlTemplate\":\"https:\\\/\\\/wlvbest.de\\\/?s={search_term_string}\"},\"query-input\":{\"@type\":\"PropertyValueSpecification\",\"valueRequired\":true,\"valueName\":\"search_term_string\"}}],\"inLanguage\":\"de\"}]}<\/script>\n<!-- \/ Yoast SEO plugin. -->","yoast_head_json":{"title":"2002 - W&uuml;rttembergische Bestenliste","robots":{"index":"index","follow":"follow","max-snippet":"max-snippet:-1","max-image-preview":"max-image-preview:large","max-video-preview":"max-video-preview:-1"},"canonical":"https:\/\/wlvbest.de\/?page_id=190","og_locale":"de_DE","og_type":"article","og_title":"2002 - W&uuml;rttembergische Bestenliste","og_description":"Bestenliste 2002 M\u00e4nner Frauen M\u00e4nnliche Jugend Weibliche Jugend Sch\u00fclerinnen Sch\u00fcler Senioren Seniorinnen Hallenbestenliste M\u00e4nner Hallenbestenliste Frauen\u00a0 Rekorde 2002 M\u00e4nner Frauen M\u00e4nnliche Jugend Weibliche Jugend Sch\u00fcler Sch\u00fclerinnen Senioren Seniorinnen Halle M\u00e4nner Halle Frauen\u00a0","og_url":"https:\/\/wlvbest.de\/?page_id=190","og_site_name":"W&uuml;rttembergische Bestenliste","article_modified_time":"2026-01-20T16:05:48+00:00","twitter_card":"summary_large_image","twitter_misc":{"Gesch\u00e4tzte Lesezeit":"1\u00a0Minute"},"schema":{"@context":"https:\/\/schema.org","@graph":[{"@type":"WebPage","@id":"https:\/\/wlvbest.de\/?page_id=190","url":"https:\/\/wlvbest.de\/?page_id=190","name":"2002 - W&uuml;rttembergische Bestenliste","isPartOf":{"@id":"https:\/\/wlvbest.de\/#website"},"datePublished":"2022-04-11T14:06:09+00:00","dateModified":"2026-01-20T16:05:48+00:00","breadcrumb":{"@id":"https:\/\/wlvbest.de\/?page_id=190#breadcrumb"},"inLanguage":"de","potentialAction":[{"@type":"ReadAction","target":["https:\/\/wlvbest.de\/?page_id=190"]}]},{"@type":"BreadcrumbList","@id":"https:\/\/wlvbest.de\/?page_id=190#breadcrumb","itemListElement":[{"@type":"ListItem","position":1,"name":"Startseite","item":"https:\/\/wlvbest.de\/"},{"@type":"ListItem","position":2,"name":"2002"}]},{"@type":"WebSite","@id":"https:\/\/wlvbest.de\/#website","url":"https:\/\/wlvbest.de\/","name":"W&uuml;rttembergische Bestenliste","description":"","potentialAction":[{"@type":"SearchAction","target":{"@type":"EntryPoint","urlTemplate":"https:\/\/wlvbest.de\/?s={search_term_string}"},"query-input":{"@type":"PropertyValueSpecification","valueRequired":true,"valueName":"search_term_string"}}],"inLanguage":"de"}]}},"_links":{"self":[{"href":"https:\/\/wlvbest.de\/index.php?rest_route=\/wp\/v2\/pages\/190","targetHints":{"allow":["GET"]}}],"collection":[{"href":"https:\/\/wlvbest.de\/index.php?rest_route=\/wp\/v2\/pages"}],"about":[{"href":"https:\/\/wlvbest.de\/index.php?rest_route=\/wp\/v2\/types\/page"}],"author":[{"embeddable":true,"href":"https:\/\/wlvbest.de\/index.php?rest_route=\/wp\/v2\/users\/1"}],"replies":[{"embeddable":true,"href":"https:\/\/wlvbest.de\/index.php?rest_route=%2Fwp%2Fv2%2Fcomments&post=190"}],"version-history":[{"count":6,"href":"https:\/\/wlvbest.de\/index.php?rest_route=\/wp\/v2\/pages\/190\/revisions"}],"predecessor-version":[{"id":555,"href":"https:\/\/wlvbest.de\/index.php?rest_route=\/wp\/v2\/pages\/190\/revisions\/555"}],"wp:attachment":[{"href":"https:\/\/wlvbest.de\/index.php?rest_route=%2Fwp%2Fv2%2Fmedia&parent=190"}],"curies":[{"name":"wp","href":"https:\/\/api.w.org\/{rel}","templated":true}]}}