{"id":128,"date":"2022-02-11T10:24:06","date_gmt":"2022-02-11T10:24:06","guid":{"rendered":"https:\/\/wlvbest.de\/?page_id=128"},"modified":"2023-01-18T16:09:11","modified_gmt":"2023-01-18T16:09:11","slug":"vereinsranglisten-2010-2019","status":"publish","type":"page","link":"https:\/\/wlvbest.de\/?page_id=128","title":{"rendered":"Vereinsranglisten 2010-2019"},"content":{"rendered":"<p><strong>Auswertung der Landesbestenliste nach Vereinen f\u00fcr die Jahre 2010-2019<\/strong><br \/>\nSo wird gewertet<br \/>\n1. Platz 30 Punkte<br \/>\n2. Platz 29 Punkte<br \/>\n3. Platz 28 Punkte usw.<\/p>\n<p><strong>2019<\/strong><br \/>\n<a href=\"http:\/\/www.ruenzler.de\/wlvbest\/v-ranglisten\/2019gesamt.pdf\">Gesamtauswertung<\/a><br \/>\n<a href=\"http:\/\/www.ruenzler.de\/wlvbest\/v-ranglisten\/2019aktive.pdf\">Aktive<\/a><br \/>\n<a href=\"http:\/\/www.ruenzler.de\/wlvbest\/v-ranglisten\/2019jugend.pdf\">Jungend<\/a><br \/>\n<a href=\"http:\/\/www.ruenzler.de\/wlvbest\/v-ranglisten\/2019schueler.pdf\">Sch\u00fcler<\/a><br \/>\n<a href=\"http:\/\/www.ruenzler.de\/wlvbest\/v-ranglisten\/2019senioren.pdf\">Senioren<\/a><\/p>\n<p><strong>2018<\/strong><br \/>\n<a href=\"http:\/\/www.ruenzler.de\/wlvbest\/v-ranglisten\/2018gesamt.pdf\">Gesamtauswertung<\/a><br \/>\n<a href=\"http:\/\/www.ruenzler.de\/wlvbest\/v-ranglisten\/2018aktive.pdf\">Aktive<\/a><br \/>\n<a href=\"http:\/\/www.ruenzler.de\/wlvbest\/v-ranglisten\/2018jugend.pdf\">Jungend<\/a><br \/>\n<a href=\"http:\/\/www.ruenzler.de\/wlvbest\/v-ranglisten\/2018schueler.pdf\">Sch\u00fcler<\/a><br \/>\n<a href=\"http:\/\/www.ruenzler.de\/wlvbest\/v-ranglisten\/2018senioren.pdf\">Senioren<\/a><\/p>\n<p><strong>2017<\/strong><br \/>\n<a href=\"http:\/\/www.ruenzler.de\/wlvbest\/v-ranglisten\/2017gesamt.pdf\">Gesamtauswertung<\/a><br \/>\n<a href=\"http:\/\/www.ruenzler.de\/wlvbest\/v-ranglisten\/2017aktive.pdf\">Aktive<\/a><br \/>\n<a href=\"http:\/\/www.ruenzler.de\/wlvbest\/v-ranglisten\/2017jugend.pdf\">Jungend<\/a><br \/>\n<a href=\"http:\/\/www.ruenzler.de\/wlvbest\/v-ranglisten\/2017schueler.pdf\">Sch\u00fcler<\/a><br \/>\n<a href=\"http:\/\/www.ruenzler.de\/wlvbest\/v-ranglisten\/2017senioren.pdf\">Senioren<\/a><\/p>\n<p><strong>2016<\/strong><br \/>\n<a href=\"http:\/\/www.ruenzler.de\/wlvbest\/v-ranglisten\/2016gesamt.pdf\">Gesamtauswertung<\/a><br \/>\n<a href=\"http:\/\/www.ruenzler.de\/wlvbest\/v-ranglisten\/2016aktive.pdf\">Aktive<\/a><br \/>\n<a href=\"http:\/\/www.ruenzler.de\/wlvbest\/v-ranglisten\/2016jugend.pdf\">Jungend<\/a><br \/>\n<a href=\"http:\/\/www.ruenzler.de\/wlvbest\/v-ranglisten\/2016schueler.pdf\">Sch\u00fcler<\/a><br \/>\n<a href=\"http:\/\/www.ruenzler.de\/wlvbest\/v-ranglisten\/2016senioren.pdf\">Senioren<\/a><\/p>\n<p><strong>2015<\/strong><br \/>\n<a href=\"http:\/\/www.ruenzler.de\/wlvbest\/v-ranglisten\/2015gesamt.pdf\">Gesamtauswertung<\/a><br \/>\n<a href=\"http:\/\/www.ruenzler.de\/wlvbest\/v-ranglisten\/2015aktive.pdf\">Aktive<\/a><br \/>\n<a href=\"http:\/\/www.ruenzler.de\/wlvbest\/v-ranglisten\/2015jugend.pdf\">Jungend<\/a><br \/>\n<a href=\"http:\/\/www.ruenzler.de\/wlvbest\/v-ranglisten\/2015schueler.pdf\">Sch\u00fcler<\/a><br \/>\n<a href=\"http:\/\/www.ruenzler.de\/wlvbest\/v-ranglisten\/2015senioren.pdf\">Senioren<\/a><\/p>\n<p><strong>2014<\/strong><br \/>\n<a href=\"http:\/\/www.ruenzler.de\/wlvbest\/v-ranglisten\/2014gesamt.pdf\">Gesamtauswertung<\/a><br \/>\n<a href=\"http:\/\/www.ruenzler.de\/wlvbest\/v-ranglisten\/2014aktive.pdf\">Aktive<\/a><br \/>\n<a href=\"http:\/\/www.ruenzler.de\/wlvbest\/v-ranglisten\/2014jugend.pdf\">Jungend<\/a><br \/>\n<a href=\"http:\/\/www.ruenzler.de\/wlvbest\/v-ranglisten\/2014schueler.pdf\">Sch\u00fcler<\/a><br \/>\n<a href=\"http:\/\/www.ruenzler.de\/wlvbest\/v-ranglisten\/2014senioren.pdf\">Senioren<\/a><\/p>\n<p><strong>2013<\/strong><br \/>\n<a href=\"http:\/\/www.ruenzler.de\/wlvbest\/v-ranglisten\/2013gesamt.pdf\">Gesamtauswertung<\/a><br \/>\n<a href=\"http:\/\/www.ruenzler.de\/wlvbest\/v-ranglisten\/2013aktive.pdf\">Aktive<\/a><br \/>\n<a href=\"http:\/\/www.ruenzler.de\/wlvbest\/v-ranglisten\/2013jugend.pdf\">Jungend<\/a><br \/>\n<a href=\"http:\/\/www.ruenzler.de\/wlvbest\/v-ranglisten\/2013schueler.pdf\">Sch\u00fcler<\/a><br \/>\n<a href=\"http:\/\/www.ruenzler.de\/wlvbest\/v-ranglisten\/2013senioren.pdf\">Senioren<\/a><\/p>\n<p><strong>2012<\/strong><br \/>\n<a href=\"http:\/\/www.ruenzler.de\/wlvbest\/v-ranglisten\/2012gesamt.pdf\">Gesamtauswertung<\/a><br \/>\n<a href=\"http:\/\/www.ruenzler.de\/wlvbest\/v-ranglisten\/2012aktive.pdf\">Aktive<\/a><br \/>\n<a href=\"http:\/\/www.ruenzler.de\/wlvbest\/v-ranglisten\/2012jugend.pdf\">Jungend<\/a><br \/>\n<a href=\"http:\/\/www.ruenzler.de\/wlvbest\/v-ranglisten\/2012schueler.pdf\">Sch\u00fcler<\/a><br \/>\n<a href=\"http:\/\/www.ruenzler.de\/wlvbest\/v-ranglisten\/2012senioren.pdf\">Senioren<\/a><\/p>\n<p><strong>2011<\/strong><br \/>\n<a href=\"http:\/\/www.ruenzler.de\/wlvbest\/v-ranglisten\/2011gesamt.pdf\">Gesamtauswertung<\/a><br \/>\n<a href=\"http:\/\/www.ruenzler.de\/wlvbest\/v-ranglisten\/2011aktive.pdf\">Aktive<\/a><br \/>\n<a href=\"http:\/\/www.ruenzler.de\/wlvbest\/v-ranglisten\/2011jugend.pdf\">Jungend<\/a><br \/>\n<a href=\"http:\/\/www.ruenzler.de\/wlvbest\/v-ranglisten\/2011schueler.pdf\">Sch\u00fcler<\/a><br \/>\n<a href=\"http:\/\/www.ruenzler.de\/wlvbest\/v-ranglisten\/2011senioren.pdf\">Senioren<\/a><\/p>\n<p><strong>2010<\/strong><br \/>\n<a href=\"http:\/\/www.ruenzler.de\/wlvbest\/v-ranglisten\/2010gesamt.pdf\">Gesamtauswertung<\/a><br \/>\n<a href=\"http:\/\/www.ruenzler.de\/wlvbest\/v-ranglisten\/2010aktive.pdf\">Aktive<\/a><br \/>\n<a href=\"http:\/\/www.ruenzler.de\/wlvbest\/v-ranglisten\/2010jugend.pdf\">Jungend<\/a><br \/>\n<a href=\"http:\/\/www.ruenzler.de\/wlvbest\/v-ranglisten\/2010schueler.pdf\">Sch\u00fcler<\/a><br \/>\n<a href=\"http:\/\/www.ruenzler.de\/wlvbest\/v-ranglisten\/2010senioren.pdf\">Senioren<\/a><\/p>\n","protected":false},"excerpt":{"rendered":"<p>Auswertung der Landesbestenliste nach Vereinen f\u00fcr die Jahre 2010-2019 So wird gewertet 1. Platz 30 Punkte 2. Platz 29 Punkte 3. Platz 28 Punkte usw. 2019 Gesamtauswertung Aktive Jungend Sch\u00fcler Senioren 2018 Gesamtauswertung Aktive Jungend Sch\u00fcler Senioren 2017 Gesamtauswertung Aktive Jungend Sch\u00fcler Senioren 2016 Gesamtauswertung Aktive Jungend Sch\u00fcler Senioren 2015 Gesamtauswertung Aktive Jungend Sch\u00fcler Senioren 2014 Gesamtauswertung Aktive Jungend Sch\u00fcler Senioren 2013 Gesamtauswertung Aktive Jungend Sch\u00fcler Senioren 2012 Gesamtauswertung Aktive Jungend Sch\u00fcler Senioren 2011 Gesamtauswertung Aktive Jungend Sch\u00fcler Senioren 2010 Gesamtauswertung Aktive Jungend Sch\u00fcler Senioren<\/p>\n","protected":false},"author":1,"featured_media":0,"parent":0,"menu_order":0,"comment_status":"closed","ping_status":"closed","template":"","meta":{"_crdt_document":"","footnotes":""},"class_list":["post-128","page","type-page","status-publish","hentry"],"yoast_head":"<!-- This site is optimized with the Yoast SEO plugin v27.4 - https:\/\/yoast.com\/product\/yoast-seo-wordpress\/ -->\n<title>Vereinsranglisten 2010-2019 - W&uuml;rttembergische Bestenliste<\/title>\n<meta name=\"robots\" content=\"index, follow, max-snippet:-1, max-image-preview:large, max-video-preview:-1\" \/>\n<link rel=\"canonical\" href=\"https:\/\/wlvbest.de\/?page_id=128\" \/>\n<meta property=\"og:locale\" content=\"de_DE\" \/>\n<meta property=\"og:type\" content=\"article\" \/>\n<meta property=\"og:title\" content=\"Vereinsranglisten 2010-2019 - W&uuml;rttembergische Bestenliste\" \/>\n<meta property=\"og:description\" content=\"Auswertung der Landesbestenliste nach Vereinen f\u00fcr die Jahre 2010-2019 So wird gewertet 1. Platz 30 Punkte 2. Platz 29 Punkte 3. Platz 28 Punkte usw. 2019 Gesamtauswertung Aktive Jungend Sch\u00fcler Senioren 2018 Gesamtauswertung Aktive Jungend Sch\u00fcler Senioren 2017 Gesamtauswertung Aktive Jungend Sch\u00fcler Senioren 2016 Gesamtauswertung Aktive Jungend Sch\u00fcler Senioren 2015 Gesamtauswertung Aktive Jungend Sch\u00fcler Senioren 2014 Gesamtauswertung Aktive Jungend Sch\u00fcler Senioren 2013 Gesamtauswertung Aktive Jungend Sch\u00fcler Senioren 2012 Gesamtauswertung Aktive Jungend Sch\u00fcler Senioren 2011 Gesamtauswertung Aktive Jungend Sch\u00fcler Senioren 2010 Gesamtauswertung Aktive Jungend Sch\u00fcler Senioren\" \/>\n<meta property=\"og:url\" content=\"https:\/\/wlvbest.de\/?page_id=128\" \/>\n<meta property=\"og:site_name\" content=\"W&uuml;rttembergische Bestenliste\" \/>\n<meta property=\"article:modified_time\" content=\"2023-01-18T16:09:11+00:00\" \/>\n<meta name=\"twitter:card\" content=\"summary_large_image\" \/>\n<meta name=\"twitter:label1\" content=\"Gesch\u00e4tzte Lesezeit\" \/>\n\t<meta name=\"twitter:data1\" content=\"1\u00a0Minute\" \/>\n<script type=\"application\/ld+json\" class=\"yoast-schema-graph\">{\"@context\":\"https:\\\/\\\/schema.org\",\"@graph\":[{\"@type\":\"WebPage\",\"@id\":\"https:\\\/\\\/wlvbest.de\\\/?page_id=128\",\"url\":\"https:\\\/\\\/wlvbest.de\\\/?page_id=128\",\"name\":\"Vereinsranglisten 2010-2019 - W&uuml;rttembergische Bestenliste\",\"isPartOf\":{\"@id\":\"https:\\\/\\\/wlvbest.de\\\/#website\"},\"datePublished\":\"2022-02-11T10:24:06+00:00\",\"dateModified\":\"2023-01-18T16:09:11+00:00\",\"breadcrumb\":{\"@id\":\"https:\\\/\\\/wlvbest.de\\\/?page_id=128#breadcrumb\"},\"inLanguage\":\"de\",\"potentialAction\":[{\"@type\":\"ReadAction\",\"target\":[\"https:\\\/\\\/wlvbest.de\\\/?page_id=128\"]}]},{\"@type\":\"BreadcrumbList\",\"@id\":\"https:\\\/\\\/wlvbest.de\\\/?page_id=128#breadcrumb\",\"itemListElement\":[{\"@type\":\"ListItem\",\"position\":1,\"name\":\"Startseite\",\"item\":\"https:\\\/\\\/wlvbest.de\\\/\"},{\"@type\":\"ListItem\",\"position\":2,\"name\":\"Vereinsranglisten 2010-2019\"}]},{\"@type\":\"WebSite\",\"@id\":\"https:\\\/\\\/wlvbest.de\\\/#website\",\"url\":\"https:\\\/\\\/wlvbest.de\\\/\",\"name\":\"W&uuml;rttembergische Bestenliste\",\"description\":\"\",\"potentialAction\":[{\"@type\":\"SearchAction\",\"target\":{\"@type\":\"EntryPoint\",\"urlTemplate\":\"https:\\\/\\\/wlvbest.de\\\/?s={search_term_string}\"},\"query-input\":{\"@type\":\"PropertyValueSpecification\",\"valueRequired\":true,\"valueName\":\"search_term_string\"}}],\"inLanguage\":\"de\"}]}<\/script>\n<!-- \/ Yoast SEO plugin. -->","yoast_head_json":{"title":"Vereinsranglisten 2010-2019 - W&uuml;rttembergische Bestenliste","robots":{"index":"index","follow":"follow","max-snippet":"max-snippet:-1","max-image-preview":"max-image-preview:large","max-video-preview":"max-video-preview:-1"},"canonical":"https:\/\/wlvbest.de\/?page_id=128","og_locale":"de_DE","og_type":"article","og_title":"Vereinsranglisten 2010-2019 - W&uuml;rttembergische Bestenliste","og_description":"Auswertung der Landesbestenliste nach Vereinen f\u00fcr die Jahre 2010-2019 So wird gewertet 1. Platz 30 Punkte 2. Platz 29 Punkte 3. Platz 28 Punkte usw. 2019 Gesamtauswertung Aktive Jungend Sch\u00fcler Senioren 2018 Gesamtauswertung Aktive Jungend Sch\u00fcler Senioren 2017 Gesamtauswertung Aktive Jungend Sch\u00fcler Senioren 2016 Gesamtauswertung Aktive Jungend Sch\u00fcler Senioren 2015 Gesamtauswertung Aktive Jungend Sch\u00fcler Senioren 2014 Gesamtauswertung Aktive Jungend Sch\u00fcler Senioren 2013 Gesamtauswertung Aktive Jungend Sch\u00fcler Senioren 2012 Gesamtauswertung Aktive Jungend Sch\u00fcler Senioren 2011 Gesamtauswertung Aktive Jungend Sch\u00fcler Senioren 2010 Gesamtauswertung Aktive Jungend Sch\u00fcler Senioren","og_url":"https:\/\/wlvbest.de\/?page_id=128","og_site_name":"W&uuml;rttembergische Bestenliste","article_modified_time":"2023-01-18T16:09:11+00:00","twitter_card":"summary_large_image","twitter_misc":{"Gesch\u00e4tzte Lesezeit":"1\u00a0Minute"},"schema":{"@context":"https:\/\/schema.org","@graph":[{"@type":"WebPage","@id":"https:\/\/wlvbest.de\/?page_id=128","url":"https:\/\/wlvbest.de\/?page_id=128","name":"Vereinsranglisten 2010-2019 - W&uuml;rttembergische Bestenliste","isPartOf":{"@id":"https:\/\/wlvbest.de\/#website"},"datePublished":"2022-02-11T10:24:06+00:00","dateModified":"2023-01-18T16:09:11+00:00","breadcrumb":{"@id":"https:\/\/wlvbest.de\/?page_id=128#breadcrumb"},"inLanguage":"de","potentialAction":[{"@type":"ReadAction","target":["https:\/\/wlvbest.de\/?page_id=128"]}]},{"@type":"BreadcrumbList","@id":"https:\/\/wlvbest.de\/?page_id=128#breadcrumb","itemListElement":[{"@type":"ListItem","position":1,"name":"Startseite","item":"https:\/\/wlvbest.de\/"},{"@type":"ListItem","position":2,"name":"Vereinsranglisten 2010-2019"}]},{"@type":"WebSite","@id":"https:\/\/wlvbest.de\/#website","url":"https:\/\/wlvbest.de\/","name":"W&uuml;rttembergische Bestenliste","description":"","potentialAction":[{"@type":"SearchAction","target":{"@type":"EntryPoint","urlTemplate":"https:\/\/wlvbest.de\/?s={search_term_string}"},"query-input":{"@type":"PropertyValueSpecification","valueRequired":true,"valueName":"search_term_string"}}],"inLanguage":"de"}]}},"_links":{"self":[{"href":"https:\/\/wlvbest.de\/index.php?rest_route=\/wp\/v2\/pages\/128","targetHints":{"allow":["GET"]}}],"collection":[{"href":"https:\/\/wlvbest.de\/index.php?rest_route=\/wp\/v2\/pages"}],"about":[{"href":"https:\/\/wlvbest.de\/index.php?rest_route=\/wp\/v2\/types\/page"}],"author":[{"embeddable":true,"href":"https:\/\/wlvbest.de\/index.php?rest_route=\/wp\/v2\/users\/1"}],"replies":[{"embeddable":true,"href":"https:\/\/wlvbest.de\/index.php?rest_route=%2Fwp%2Fv2%2Fcomments&post=128"}],"version-history":[{"count":6,"href":"https:\/\/wlvbest.de\/index.php?rest_route=\/wp\/v2\/pages\/128\/revisions"}],"predecessor-version":[{"id":343,"href":"https:\/\/wlvbest.de\/index.php?rest_route=\/wp\/v2\/pages\/128\/revisions\/343"}],"wp:attachment":[{"href":"https:\/\/wlvbest.de\/index.php?rest_route=%2Fwp%2Fv2%2Fmedia&parent=128"}],"curies":[{"name":"wp","href":"https:\/\/api.w.org\/{rel}","templated":true}]}}