{"id":118,"date":"2022-02-10T09:44:12","date_gmt":"2022-02-10T09:44:12","guid":{"rendered":"https:\/\/wlvbest.de\/?page_id=118"},"modified":"2024-02-18T18:16:26","modified_gmt":"2024-02-18T18:16:26","slug":"vereinsranglisten","status":"publish","type":"page","link":"https:\/\/wlvbest.de\/?page_id=118","title":{"rendered":"Vereinsranglisten bis 2010"},"content":{"rendered":"<p><strong>Auswertung der Landesbestenliste nach Vereinen bis 2009<\/strong><br \/>\nSo wird gewertet<br \/>\n1. Platz 30 Punkte<br \/>\n2. Platz 29 Punkte<br \/>\n3. Platz 28 Punkte usw.<\/p>\n<p><strong>2009<\/strong><br \/>\n<a href=\"http:\/\/www.ruenzler.de\/wlvbest\/v-ranglisten\/2009gesamt.pdf\">Gesamtauswertung<\/a><br \/>\n<a href=\"http:\/\/www.ruenzler.de\/wlvbest\/v-ranglisten\/2009aktive.pdf\">Aktive<\/a><br \/>\n<a href=\"http:\/\/www.ruenzler.de\/wlvbest\/v-ranglisten\/2009jugend.pdf\">Jugend<\/a><br \/>\n<a href=\"http:\/\/www.ruenzler.de\/wlvbest\/v-ranglisten\/2009schueler.pdf\">Sch\u00fcler<\/a><br \/>\n<a href=\"http:\/\/www.ruenzler.de\/wlvbest\/v-ranglisten\/2009senioren.pdf\">Senioren<\/a><\/p>\n<p><strong>2008<\/strong><br \/>\n<a href=\"http:\/\/www.ruenzler.de\/wlvbest\/v-ranglisten\/2008gesamt.pdf\">Gesamtauswertung<\/a><br \/>\n<a href=\"http:\/\/www.ruenzler.de\/wlvbest\/v-ranglisten\/2008aktive.pdf\">Aktive<\/a><br \/>\n<a href=\"http:\/\/www.ruenzler.de\/wlvbest\/v-ranglisten\/2008jugend.pdf\">Jugend<\/a><br \/>\n<a href=\"http:\/\/www.ruenzler.de\/wlvbest\/v-ranglisten\/2008schueler.pdf\">Sch\u00fcler<\/a><br \/>\n<a href=\"http:\/\/www.ruenzler.de\/wlvbest\/v-ranglisten\/2008senioren.pdf\">Senioren<\/a><\/p>\n<p><strong>2007<\/strong><br \/>\n<a href=\"http:\/\/www.ruenzler.de\/wlvbest\/v-ranglisten\/2005gesamt.pdf\">Gesamtauswertung<\/a><br \/>\n<a href=\"http:\/\/www.ruenzler.de\/wlvbest\/v-ranglisten\/2007aktive.pdf\">Aktive<\/a><br \/>\n<a href=\"http:\/\/www.ruenzler.de\/wlvbest\/v-ranglisten\/2007jugend.pdf\">Jugend<\/a><br \/>\n<a href=\"http:\/\/www.ruenzler.de\/wlvbest\/v-ranglisten\/2007schueler.pdf\">Sch\u00fcler<\/a><br \/>\n<a href=\"http:\/\/www.ruenzler.de\/wlvbest\/v-ranglisten\/2007senioren.pdf\">Senioren<\/a><\/p>\n<p><strong>2006<\/strong><br \/>\n<a href=\"http:\/\/www.ruenzler.de\/wlvbest\/v-ranglisten\/2006gesamt.pdf\">Gesamtauswertung<\/a><br \/>\n<a href=\"http:\/\/www.ruenzler.de\/wlvbest\/v-ranglisten\/2006aktive.pdf\">Aktive<\/a><br \/>\n<a href=\"http:\/\/www.ruenzler.de\/wlvbest\/v-ranglisten\/2006jugend.pdf\">Jugend<\/a><br \/>\n<a href=\"http:\/\/www.ruenzler.de\/wlvbest\/v-ranglisten\/2006schueler.pdf\">Sch\u00fcler<\/a><br \/>\n<a href=\"http:\/\/www.ruenzler.de\/wlvbest\/v-ranglisten\/2006senioren.pdf\">Senioren<\/a><\/p>\n<p><strong>2005<br \/>\n<\/strong><a href=\"http:\/\/www.ruenzler.de\/wlvbest\/v-ranglisten\/2005gesamt.pdf\">Gesamtauswertung<\/a><br \/>\n<a href=\"http:\/\/www.ruenzler.de\/wlvbest\/v-ranglisten\/2005aktive.pdf\">Aktive<\/a><br \/>\n<a href=\"http:\/\/www.ruenzler.de\/wlvbest\/v-ranglisten\/2005jugend.pdf\">Jugend<\/a><br \/>\n<a href=\"http:\/\/www.ruenzler.de\/wlvbest\/v-ranglisten\/2005schueler.pdf\">Sch\u00fcler<\/a><br \/>\n<a href=\"http:\/\/www.ruenzler.de\/wlvbest\/v-ranglisten\/2005senioren.pdf\">Senioren<\/a><\/p>\n","protected":false},"excerpt":{"rendered":"<p>Auswertung der Landesbestenliste nach Vereinen bis 2009 So wird gewertet 1. Platz 30 Punkte 2. Platz 29 Punkte 3. Platz 28 Punkte usw. 2009 Gesamtauswertung Aktive Jugend Sch\u00fcler Senioren 2008 Gesamtauswertung Aktive Jugend Sch\u00fcler Senioren 2007 Gesamtauswertung Aktive Jugend Sch\u00fcler Senioren 2006 Gesamtauswertung Aktive Jugend Sch\u00fcler Senioren 2005 Gesamtauswertung Aktive Jugend Sch\u00fcler Senioren<\/p>\n","protected":false},"author":1,"featured_media":0,"parent":0,"menu_order":0,"comment_status":"closed","ping_status":"closed","template":"","meta":{"_crdt_document":"","footnotes":""},"class_list":["post-118","page","type-page","status-publish","hentry"],"yoast_head":"<!-- This site is optimized with the Yoast SEO plugin v27.4 - https:\/\/yoast.com\/product\/yoast-seo-wordpress\/ -->\n<title>Vereinsranglisten bis 2010 - W&uuml;rttembergische Bestenliste<\/title>\n<meta name=\"robots\" content=\"index, follow, max-snippet:-1, max-image-preview:large, max-video-preview:-1\" \/>\n<link rel=\"canonical\" href=\"https:\/\/wlvbest.de\/?page_id=118\" \/>\n<meta property=\"og:locale\" content=\"de_DE\" \/>\n<meta property=\"og:type\" content=\"article\" \/>\n<meta property=\"og:title\" content=\"Vereinsranglisten bis 2010 - W&uuml;rttembergische Bestenliste\" \/>\n<meta property=\"og:description\" content=\"Auswertung der Landesbestenliste nach Vereinen bis 2009 So wird gewertet 1. Platz 30 Punkte 2. Platz 29 Punkte 3. Platz 28 Punkte usw. 2009 Gesamtauswertung Aktive Jugend Sch\u00fcler Senioren 2008 Gesamtauswertung Aktive Jugend Sch\u00fcler Senioren 2007 Gesamtauswertung Aktive Jugend Sch\u00fcler Senioren 2006 Gesamtauswertung Aktive Jugend Sch\u00fcler Senioren 2005 Gesamtauswertung Aktive Jugend Sch\u00fcler Senioren\" \/>\n<meta property=\"og:url\" content=\"https:\/\/wlvbest.de\/?page_id=118\" \/>\n<meta property=\"og:site_name\" content=\"W&uuml;rttembergische Bestenliste\" \/>\n<meta property=\"article:modified_time\" content=\"2024-02-18T18:16:26+00:00\" \/>\n<meta name=\"twitter:card\" content=\"summary_large_image\" \/>\n<meta name=\"twitter:label1\" content=\"Gesch\u00e4tzte Lesezeit\" \/>\n\t<meta name=\"twitter:data1\" content=\"1\u00a0Minute\" \/>\n<script type=\"application\/ld+json\" class=\"yoast-schema-graph\">{\"@context\":\"https:\\\/\\\/schema.org\",\"@graph\":[{\"@type\":\"WebPage\",\"@id\":\"https:\\\/\\\/wlvbest.de\\\/?page_id=118\",\"url\":\"https:\\\/\\\/wlvbest.de\\\/?page_id=118\",\"name\":\"Vereinsranglisten bis 2010 - W&uuml;rttembergische Bestenliste\",\"isPartOf\":{\"@id\":\"https:\\\/\\\/wlvbest.de\\\/#website\"},\"datePublished\":\"2022-02-10T09:44:12+00:00\",\"dateModified\":\"2024-02-18T18:16:26+00:00\",\"breadcrumb\":{\"@id\":\"https:\\\/\\\/wlvbest.de\\\/?page_id=118#breadcrumb\"},\"inLanguage\":\"de\",\"potentialAction\":[{\"@type\":\"ReadAction\",\"target\":[\"https:\\\/\\\/wlvbest.de\\\/?page_id=118\"]}]},{\"@type\":\"BreadcrumbList\",\"@id\":\"https:\\\/\\\/wlvbest.de\\\/?page_id=118#breadcrumb\",\"itemListElement\":[{\"@type\":\"ListItem\",\"position\":1,\"name\":\"Startseite\",\"item\":\"https:\\\/\\\/wlvbest.de\\\/\"},{\"@type\":\"ListItem\",\"position\":2,\"name\":\"Vereinsranglisten bis 2010\"}]},{\"@type\":\"WebSite\",\"@id\":\"https:\\\/\\\/wlvbest.de\\\/#website\",\"url\":\"https:\\\/\\\/wlvbest.de\\\/\",\"name\":\"W&uuml;rttembergische Bestenliste\",\"description\":\"\",\"potentialAction\":[{\"@type\":\"SearchAction\",\"target\":{\"@type\":\"EntryPoint\",\"urlTemplate\":\"https:\\\/\\\/wlvbest.de\\\/?s={search_term_string}\"},\"query-input\":{\"@type\":\"PropertyValueSpecification\",\"valueRequired\":true,\"valueName\":\"search_term_string\"}}],\"inLanguage\":\"de\"}]}<\/script>\n<!-- \/ Yoast SEO plugin. -->","yoast_head_json":{"title":"Vereinsranglisten bis 2010 - W&uuml;rttembergische Bestenliste","robots":{"index":"index","follow":"follow","max-snippet":"max-snippet:-1","max-image-preview":"max-image-preview:large","max-video-preview":"max-video-preview:-1"},"canonical":"https:\/\/wlvbest.de\/?page_id=118","og_locale":"de_DE","og_type":"article","og_title":"Vereinsranglisten bis 2010 - W&uuml;rttembergische Bestenliste","og_description":"Auswertung der Landesbestenliste nach Vereinen bis 2009 So wird gewertet 1. Platz 30 Punkte 2. Platz 29 Punkte 3. Platz 28 Punkte usw. 2009 Gesamtauswertung Aktive Jugend Sch\u00fcler Senioren 2008 Gesamtauswertung Aktive Jugend Sch\u00fcler Senioren 2007 Gesamtauswertung Aktive Jugend Sch\u00fcler Senioren 2006 Gesamtauswertung Aktive Jugend Sch\u00fcler Senioren 2005 Gesamtauswertung Aktive Jugend Sch\u00fcler Senioren","og_url":"https:\/\/wlvbest.de\/?page_id=118","og_site_name":"W&uuml;rttembergische Bestenliste","article_modified_time":"2024-02-18T18:16:26+00:00","twitter_card":"summary_large_image","twitter_misc":{"Gesch\u00e4tzte Lesezeit":"1\u00a0Minute"},"schema":{"@context":"https:\/\/schema.org","@graph":[{"@type":"WebPage","@id":"https:\/\/wlvbest.de\/?page_id=118","url":"https:\/\/wlvbest.de\/?page_id=118","name":"Vereinsranglisten bis 2010 - W&uuml;rttembergische Bestenliste","isPartOf":{"@id":"https:\/\/wlvbest.de\/#website"},"datePublished":"2022-02-10T09:44:12+00:00","dateModified":"2024-02-18T18:16:26+00:00","breadcrumb":{"@id":"https:\/\/wlvbest.de\/?page_id=118#breadcrumb"},"inLanguage":"de","potentialAction":[{"@type":"ReadAction","target":["https:\/\/wlvbest.de\/?page_id=118"]}]},{"@type":"BreadcrumbList","@id":"https:\/\/wlvbest.de\/?page_id=118#breadcrumb","itemListElement":[{"@type":"ListItem","position":1,"name":"Startseite","item":"https:\/\/wlvbest.de\/"},{"@type":"ListItem","position":2,"name":"Vereinsranglisten bis 2010"}]},{"@type":"WebSite","@id":"https:\/\/wlvbest.de\/#website","url":"https:\/\/wlvbest.de\/","name":"W&uuml;rttembergische Bestenliste","description":"","potentialAction":[{"@type":"SearchAction","target":{"@type":"EntryPoint","urlTemplate":"https:\/\/wlvbest.de\/?s={search_term_string}"},"query-input":{"@type":"PropertyValueSpecification","valueRequired":true,"valueName":"search_term_string"}}],"inLanguage":"de"}]}},"_links":{"self":[{"href":"https:\/\/wlvbest.de\/index.php?rest_route=\/wp\/v2\/pages\/118","targetHints":{"allow":["GET"]}}],"collection":[{"href":"https:\/\/wlvbest.de\/index.php?rest_route=\/wp\/v2\/pages"}],"about":[{"href":"https:\/\/wlvbest.de\/index.php?rest_route=\/wp\/v2\/types\/page"}],"author":[{"embeddable":true,"href":"https:\/\/wlvbest.de\/index.php?rest_route=\/wp\/v2\/users\/1"}],"replies":[{"embeddable":true,"href":"https:\/\/wlvbest.de\/index.php?rest_route=%2Fwp%2Fv2%2Fcomments&post=118"}],"version-history":[{"count":10,"href":"https:\/\/wlvbest.de\/index.php?rest_route=\/wp\/v2\/pages\/118\/revisions"}],"predecessor-version":[{"id":413,"href":"https:\/\/wlvbest.de\/index.php?rest_route=\/wp\/v2\/pages\/118\/revisions\/413"}],"wp:attachment":[{"href":"https:\/\/wlvbest.de\/index.php?rest_route=%2Fwp%2Fv2%2Fmedia&parent=118"}],"curies":[{"name":"wp","href":"https:\/\/api.w.org\/{rel}","templated":true}]}}